{"id":969,"date":"2019-09-09T19:49:28","date_gmt":"2019-09-09T19:49:28","guid":{"rendered":"http:\/\/entresijos.org\/?page_id=969"},"modified":"2023-08-17T17:49:25","modified_gmt":"2023-08-17T17:49:25","slug":"visitas-comentadas-3","status":"publish","type":"page","link":"https:\/\/entresijos.org\/?page_id=969","title":{"rendered":"VIAJES"},"content":{"rendered":"<div class=\"vce-row-container\" data-vce-boxed-width=\"true\"><div class=\"vce-row vce-row--col-gap-30 vce-row-equal-height vce-row-content--top\" id=\"el-00e3faf7\" data-vce-do-apply=\"all el-00e3faf7\"><div class=\"vce-row-content\" data-vce-element-content=\"true\"><div class=\"vce-col vce-col--md-auto vce-col--xs-1 vce-col--xs-last vce-col--xs-first vce-col--sm-last vce-col--sm-first vce-col--md-last vce-col--lg-last vce-col--xl-last vce-col--md-first vce-col--lg-first vce-col--xl-first\" id=\"el-d7ee8b05\"><div class=\"vce-col-inner\" data-vce-do-apply=\"border margin background  el-d7ee8b05\"><div class=\"vce-col-content\" data-vce-element-content=\"true\" data-vce-do-apply=\"padding el-d7ee8b05\"><div class=\"vce-text-block\"><div class=\"vce-text-block-wrapper vce\" id=\"el-1c87bc28\" data-vce-do-apply=\"all el-1c87bc28\"><p><span style=\"font-size: 18pt;\">\u00abIrnos de viaje con historiadoras del arte ha sido lo mejor que pod\u00edamos hacer\u00bb Estas bonitas palabras nos dicen nuestr+s soci+s cada vez que estamos volviendo de viaje.<\/span><\/p><p style=\"text-align: center;\"><span style=\"font-size: 18pt;\"><span style=\"font-size: 24pt;\">\u00bfAlguien se puede resistir?<\/span><\/span><\/p><p style=\"text-align: center;\"><span style=\"font-size: 18pt;\">Ya hemos viajado a Italia, M\u00e1laga y Sevilla<\/span><\/p><ul style=\"list-style-type: circle;\"><li><span style=\"font-size: 18pt;\">con comodidades de transportes (sin muchas horas de autob\u00fas), preferiblemente AVE y avi\u00f3n.<\/span><\/li><li><span style=\"font-size: 18pt;\">hoteles cercanos para descansar cuando lo necesitemos.<\/span><\/li><li><span style=\"font-size: 18pt;\">comidas en lugares excepcionales<\/span><\/li><li><span style=\"font-size: 18pt;\">sin esperas innecesarias.<\/span><\/li><li><span style=\"font-size: 18pt;\">grupos de m\u00e1ximo 15 personas por gu\u00eda<\/span><\/li><li><span style=\"font-size: 18pt;\">tiempos libres para compras o hacer lo que cada uno quiera<\/span><\/li><li><span style=\"font-size: 18pt;\">SORPRESAS<\/span><\/li><li><span style=\"font-size: 18pt;\">comentadas por historiadoras del arte que te van a contar los entresijos de todos los rincones.<\/span><\/li><\/ul><p><img loading=\"lazy\" decoding=\"async\" class=\"size-large wp-image-921 alignnone\" src=\"https:\/\/entresijos.org\/wp-content\/uploads\/2019\/09\/20180324_125552-1024x768.jpg\" alt=\"\" width=\"1024\" height=\"768\" srcset=\"https:\/\/entresijos.org\/wp-content\/uploads\/2019\/09\/20180324_125552-1024x768.jpg 1024w, https:\/\/entresijos.org\/wp-content\/uploads\/2019\/09\/20180324_125552-300x225.jpg 300w, https:\/\/entresijos.org\/wp-content\/uploads\/2019\/09\/20180324_125552-768x576.jpg 768w\" sizes=\"auto, (max-width: 1024px) 100vw, 1024px\" \/><\/p><p>&nbsp;<\/p><\/div><\/div><\/div><\/div><\/div><\/div><\/div><\/div>\n","protected":false},"excerpt":{"rendered":"<p>\u00abIrnos de viaje con historiadoras del arte ha sido lo mejor que pod\u00edamos hacer\u00bb Estas bonitas palabras nos dicen nuestr+s soci+s cada vez que estamos volviendo de viaje.\u00bfAlguien se puede resistir?Ya hemos viajado a Italia, M\u00e1laga y Sevillacon comodidades de transportes (sin muchas horas de autob\u00fas), preferiblemente AVE y avi\u00f3n.hoteles cercanos para descansar cuando lo [&hellip;]<\/p>\n","protected":false},"author":1,"featured_media":0,"parent":0,"menu_order":0,"comment_status":"closed","ping_status":"closed","template":"","meta":{"footnotes":""},"class_list":["post-969","page","type-page","status-publish","hentry"],"aioseo_notices":[],"_links":{"self":[{"href":"https:\/\/entresijos.org\/index.php?rest_route=\/wp\/v2\/pages\/969","targetHints":{"allow":["GET"]}}],"collection":[{"href":"https:\/\/entresijos.org\/index.php?rest_route=\/wp\/v2\/pages"}],"about":[{"href":"https:\/\/entresijos.org\/index.php?rest_route=\/wp\/v2\/types\/page"}],"author":[{"embeddable":true,"href":"https:\/\/entresijos.org\/index.php?rest_route=\/wp\/v2\/users\/1"}],"replies":[{"embeddable":true,"href":"https:\/\/entresijos.org\/index.php?rest_route=%2Fwp%2Fv2%2Fcomments&post=969"}],"version-history":[{"count":164,"href":"https:\/\/entresijos.org\/index.php?rest_route=\/wp\/v2\/pages\/969\/revisions"}],"predecessor-version":[{"id":1728,"href":"https:\/\/entresijos.org\/index.php?rest_route=\/wp\/v2\/pages\/969\/revisions\/1728"}],"wp:attachment":[{"href":"https:\/\/entresijos.org\/index.php?rest_route=%2Fwp%2Fv2%2Fmedia&parent=969"}],"curies":[{"name":"wp","href":"https:\/\/api.w.org\/{rel}","templated":true}]}}