{"id":567,"date":"2017-12-25T21:24:17","date_gmt":"2017-12-25T21:24:17","guid":{"rendered":"http:\/\/entresijos.org\/?page_id=567"},"modified":"2023-08-17T18:27:16","modified_gmt":"2023-08-17T18:27:16","slug":"visitas-comentadas-2-2-3-7-3","status":"publish","type":"page","link":"https:\/\/entresijos.org\/?page_id=567","title":{"rendered":"Curso de Mediaci\u00f3n Cultural especializada en la Comunidad Sorda. Comunidad de Madrid. Escuela de animaci\u00f3n"},"content":{"rendered":"<p>[<span class=\"comentadas\">CURSO DE MEDIACI\u00d3N CULTURAL ESPECIALIZADA EN LA COMUNIDAD SORDA<\/span><\/p>\n<p><span class=\"titulo\">Comunidad de Madrid. Escuela de animaci\u00f3n<\/span>[<\/p>\n<p><span class=\"info\">El curso de Mediaci\u00f3n cultural especializada en la Comunidad Sorda es un proyecto de formaci\u00f3n profesional en el \u00e1mbito de la mediaci\u00f3n y la did\u00e1ctica en instituciones culturales, dirigido a profesionales de la cultura y del patrimonio cultural para su futura inserci\u00f3n laboral en dichas instituciones.<br \/>\n<\/span><\/p>\n<p><span class=\"info\">El curso desarrolla una programaci\u00f3n completa con la que los\/as participantes podr\u00e1n conocer la figura del\/la mediador\/a cultural; lo que ahora es, m\u00e1s que nunca, una nueva oportunidad de empleo en las distintas instituciones, ya sean museos u otro tipo de instituci\u00f3n con car\u00e1cter cultural, pudiendo completar su formaci\u00f3n como profesionales de la cultura y del patrimonio y\/o como educadores de museo.<\/span><\/p>\n<p><span class=\"info\">No es requisito para los\/as alumnos\/as conocer las t\u00e9cnicas de interpretaci\u00f3n, ya que se les proporciona unos conocimientos b\u00e1sicos de lengua de signos para poder explicar conceptos art\u00edsticos e hist\u00f3ricos, siendo apoyo del\/la int\u00e9rprete de lengua de signos y sabiendo de qu\u00e9 manera debe relacionarse con esta figura.<\/span><\/p>\n<p><span class=\"info\">Se trata de un curso de acercamiento a la lengua de signos espa\u00f1ola, que dota de las herramientas b\u00e1sicas para comunicarse con la Comunidad Sorda y hacer m\u00e1s f\u00e1cil su acceso a la cultura.<\/span><\/p>\n<p><span class=\"info\">El curso formativo ser\u00e1 impartido a partir de los contenidos did\u00e1cticos culturales dise\u00f1ados por la Asociaci\u00f3n Cultural ENTREsijos, y los contenidos did\u00e1cticos de la lengua de signos espa\u00f1ola (LSE) por docentes y expertas en el tema. E<\/span><span style=\"font-size: 12pt;\"><span class=\"info\">lena Lopez Burgos ser\u00e1 la coordinadora de los contenidos LSE, es a<\/span>ctualmente personal docente e investigador del grado en\u00a0 Lengua de Signos Espa\u00f1ola y Comunidad Sorda de la Universidad Rey Juan Carlos de Madrid.<\/span><img loading=\"lazy\" decoding=\"async\" class=\"wp-image-1697 size-large aligncenter\" src=\"https:\/\/entresijos.org\/wp-content\/uploads\/2021\/12\/curso-mediacion-sorda-2022-1024x447.jpg\" alt=\"\" width=\"1024\" height=\"447\" srcset=\"https:\/\/entresijos.org\/wp-content\/uploads\/2021\/12\/curso-mediacion-sorda-2022-1024x447.jpg 1024w, https:\/\/entresijos.org\/wp-content\/uploads\/2021\/12\/curso-mediacion-sorda-2022-300x131.jpg 300w, https:\/\/entresijos.org\/wp-content\/uploads\/2021\/12\/curso-mediacion-sorda-2022-768x335.jpg 768w, https:\/\/entresijos.org\/wp-content\/uploads\/2021\/12\/curso-mediacion-sorda-2022-1536x671.jpg 1536w, https:\/\/entresijos.org\/wp-content\/uploads\/2021\/12\/curso-mediacion-sorda-2022-2048x894.jpg 2048w\" sizes=\"auto, (max-width: 1024px) 100vw, 1024px\" \/><\/p>\n<p>NO HAY PREVISTA PROXIMA EDICI\u00d3N<\/p>\n","protected":false},"excerpt":{"rendered":"<p>[CURSO DE MEDIACI\u00d3N CULTURAL ESPECIALIZADA EN LA COMUNIDAD SORDA Comunidad de Madrid. Escuela de animaci\u00f3n[ El curso de Mediaci\u00f3n cultural especializada en la Comunidad Sorda es un proyecto de formaci\u00f3n profesional en el \u00e1mbito de la mediaci\u00f3n y la did\u00e1ctica en instituciones culturales, dirigido a profesionales de la cultura y del patrimonio cultural para su [&hellip;]<\/p>\n","protected":false},"author":1,"featured_media":0,"parent":0,"menu_order":0,"comment_status":"closed","ping_status":"closed","template":"","meta":{"footnotes":""},"class_list":["post-567","page","type-page","status-publish","hentry"],"aioseo_notices":[],"_links":{"self":[{"href":"https:\/\/entresijos.org\/index.php?rest_route=\/wp\/v2\/pages\/567","targetHints":{"allow":["GET"]}}],"collection":[{"href":"https:\/\/entresijos.org\/index.php?rest_route=\/wp\/v2\/pages"}],"about":[{"href":"https:\/\/entresijos.org\/index.php?rest_route=\/wp\/v2\/types\/page"}],"author":[{"embeddable":true,"href":"https:\/\/entresijos.org\/index.php?rest_route=\/wp\/v2\/users\/1"}],"replies":[{"embeddable":true,"href":"https:\/\/entresijos.org\/index.php?rest_route=%2Fwp%2Fv2%2Fcomments&post=567"}],"version-history":[{"count":16,"href":"https:\/\/entresijos.org\/index.php?rest_route=\/wp\/v2\/pages\/567\/revisions"}],"predecessor-version":[{"id":1739,"href":"https:\/\/entresijos.org\/index.php?rest_route=\/wp\/v2\/pages\/567\/revisions\/1739"}],"wp:attachment":[{"href":"https:\/\/entresijos.org\/index.php?rest_route=%2Fwp%2Fv2%2Fmedia&parent=567"}],"curies":[{"name":"wp","href":"https:\/\/api.w.org\/{rel}","templated":true}]}}