{"id":502,"date":"2017-12-25T19:14:09","date_gmt":"2017-12-25T19:14:09","guid":{"rendered":"http:\/\/entresijos.org\/?page_id=502"},"modified":"2023-08-17T18:11:36","modified_gmt":"2023-08-17T18:11:36","slug":"visitas-comentadas-2-2","status":"publish","type":"page","link":"https:\/\/entresijos.org\/?page_id=502","title":{"rendered":"GESTI\u00d3N CULTURAL"},"content":{"rendered":"<div class=\"vce-row-container\" data-vce-boxed-width=\"true\"><div class=\"vce-row vce-row--col-gap-30 vce-row-equal-height vce-row-content--top\" id=\"el-5576a00e\" data-vce-do-apply=\"all el-5576a00e\"><div class=\"vce-row-content\" data-vce-element-content=\"true\"><div class=\"vce-col vce-col--md-auto vce-col--xs-1 vce-col--xs-last vce-col--xs-first vce-col--sm-last vce-col--sm-first vce-col--md-last vce-col--lg-last vce-col--xl-last vce-col--md-first vce-col--lg-first vce-col--xl-first\" id=\"el-879c157d\"><div class=\"vce-col-inner\" data-vce-do-apply=\"border margin background  el-879c157d\"><div class=\"vce-col-content\" data-vce-element-content=\"true\" data-vce-do-apply=\"padding el-879c157d\"><div class=\"vce-text-block\"><div class=\"vce-text-block-wrapper vce\" id=\"el-c53b9bf4\" data-vce-do-apply=\"all el-c53b9bf4\"><p><span class=\"comentadas\">GESTI\u00d3N CULTURAL<\/span><\/p><p><span class=\"info\"><a href=\"http:\/\/www.sealquilaproyecto.es\/\">SeAlquila<\/a> y <a href=\"https:\/\/entresijos.org\/wp-admin\/post.php?post=669&amp;action=edit\">El Hipster Muerto<\/a>, son dos de las producciones propias que hemos venido desarrollando desde hace m\u00e1s de 7 a\u00f1os. El comisariado, la gesti\u00f3n y desarrollo de eventos culturales independientes se consolidan como una pr\u00e1ctica expositiva de la asociaci\u00f3n. Ideamos, producimos eventos de car\u00e1cter ef\u00edmero que visibilicen el arte de hoy y sus artistas. Muchos de l+s artistas con quienes hemos trabajado, tal vez sea la primera vez que exponen y otr+s se convierten en cartel de las principales ferias de arte de la ciudad. Queremos visibilizar el contexto contempor\u00e1neo, dar el protagonismo y el impulso para muchos artistas noveles, sin importar su edad o formaci\u00f3n. El arte no s\u00f3lo est\u00e1 en las grandes instituciones por ello es necesario el compromiso de los agentes independientes para mostrar lo que actualmente se est\u00e1 produciendo y ENTREsijos a\u00fana esfuerzos para que siga produci\u00e9ndose arte sin limitarse a c\u00edrculos intelectuales o pr\u00e1cticas elitistas.<\/span><\/p><p><span class=\"info\">Crear redes, sinergias y colaboraciones con otros agentes culturales y art\u00edsticos es una de l\u00edneas de trabajo de la asociaci\u00f3n. No siempre somos actores principales en la ejecuci\u00f3n y desarrollo de proyectos, pero creemos que como asociaci\u00f3n cultural parte del tejido de la ciudad podemos contribuir al crecimiento de otros proyectos independientes y necesarios. Acudimos como p\u00fablico pero si se necesita mediaci\u00f3n all\u00ed estamos, apoyo con materiales lo que tenemos lo ponemos a disposici\u00f3n, ideas, tiempo y capital humano estamos dispuestos a poner todo para que los proyectos salgan adelante.<\/span><\/p><p><span class=\"social\">Otros proyectos, Monolecturas de Fotosonetos, TODO VALE, Mediaci\u00f3n Cultural en Iberoencontros, Abierto Theredoom, SANFest, Meet up, PROYECTOR, Jurado de Premios Art\u00edsticos Azuqueca de Henares, CONTODO ARTE, ERRE QUE ERRE..<\/span><\/p><\/div><\/div><\/div><\/div><\/div><\/div><\/div><\/div>\n","protected":false},"excerpt":{"rendered":"<p>GESTI\u00d3N CULTURALSeAlquila y El Hipster Muerto, son dos de las producciones propias que hemos venido desarrollando desde hace m\u00e1s de 7 a\u00f1os. El comisariado, la gesti\u00f3n y desarrollo de eventos culturales independientes se consolidan como una pr\u00e1ctica expositiva de la asociaci\u00f3n. Ideamos, producimos eventos de car\u00e1cter ef\u00edmero que visibilicen el arte de hoy y sus [&hellip;]<\/p>\n","protected":false},"author":1,"featured_media":0,"parent":0,"menu_order":0,"comment_status":"closed","ping_status":"closed","template":"","meta":{"footnotes":""},"class_list":["post-502","page","type-page","status-publish","hentry"],"aioseo_notices":[],"_links":{"self":[{"href":"https:\/\/entresijos.org\/index.php?rest_route=\/wp\/v2\/pages\/502","targetHints":{"allow":["GET"]}}],"collection":[{"href":"https:\/\/entresijos.org\/index.php?rest_route=\/wp\/v2\/pages"}],"about":[{"href":"https:\/\/entresijos.org\/index.php?rest_route=\/wp\/v2\/types\/page"}],"author":[{"embeddable":true,"href":"https:\/\/entresijos.org\/index.php?rest_route=\/wp\/v2\/users\/1"}],"replies":[{"embeddable":true,"href":"https:\/\/entresijos.org\/index.php?rest_route=%2Fwp%2Fv2%2Fcomments&post=502"}],"version-history":[{"count":20,"href":"https:\/\/entresijos.org\/index.php?rest_route=\/wp\/v2\/pages\/502\/revisions"}],"predecessor-version":[{"id":1733,"href":"https:\/\/entresijos.org\/index.php?rest_route=\/wp\/v2\/pages\/502\/revisions\/1733"}],"wp:attachment":[{"href":"https:\/\/entresijos.org\/index.php?rest_route=%2Fwp%2Fv2%2Fmedia&parent=502"}],"curies":[{"name":"wp","href":"https:\/\/api.w.org\/{rel}","templated":true}]}}