{"id":1313,"date":"2020-05-13T16:39:33","date_gmt":"2020-05-13T16:39:33","guid":{"rendered":"http:\/\/entresijos.org\/?page_id=1313"},"modified":"2023-08-17T17:56:10","modified_gmt":"2023-08-17T17:56:10","slug":"visitas-comentadas-2-2-2-4-3","status":"publish","type":"page","link":"https:\/\/entresijos.org\/?page_id=1313","title":{"rendered":"NEWSLETTER"},"content":{"rendered":"<div class=\"vce-row-container\" data-vce-boxed-width=\"true\"><div class=\"vce-row vce-row--col-gap-30 vce-row-equal-height vce-row-content--top\" id=\"el-89481328\" data-vce-do-apply=\"all el-89481328\"><div class=\"vce-row-content\" data-vce-element-content=\"true\"><div class=\"vce-col vce-col--md-auto vce-col--xs-1 vce-col--xs-last vce-col--xs-first vce-col--sm-last vce-col--sm-first vce-col--md-last vce-col--lg-last vce-col--xl-last vce-col--md-first vce-col--lg-first vce-col--xl-first\" id=\"el-22cca112\"><div class=\"vce-col-inner\" data-vce-do-apply=\"border margin background  el-22cca112\"><div class=\"vce-col-content\" data-vce-element-content=\"true\" data-vce-do-apply=\"padding el-22cca112\"><div class=\"vce-text-block\"><div class=\"vce-text-block-wrapper vce\" id=\"el-fa1bd78d\" data-vce-do-apply=\"all el-fa1bd78d\"><p><span style=\"font-size: 18pt; color: #cc0a0a;\"><span style=\"font-size: 24pt;\"><strong>SUSCRIBETE A NUESTRA NEWSLETTER<\/strong><\/span><\/span><\/p>\n<p><span style=\"font-size: 18pt;\">\n<div class=\"wpcf7 no-js\" id=\"wpcf7-f1213-o1\" lang=\"es-ES\" dir=\"ltr\">\n<div class=\"screen-reader-response\"><p role=\"status\" aria-live=\"polite\" aria-atomic=\"true\"><\/p> <ul><\/ul><\/div>\n<form action=\"\/index.php?rest_route=%2Fwp%2Fv2%2Fpages%2F1313#wpcf7-f1213-o1\" method=\"post\" class=\"wpcf7-form init\" aria-label=\"Formulario de contacto\" novalidate=\"novalidate\" data-status=\"init\">\n<div style=\"display: none;\">\n<input type=\"hidden\" name=\"_wpcf7\" value=\"1213\" \/>\n<input type=\"hidden\" name=\"_wpcf7_version\" value=\"5.8\" \/>\n<input type=\"hidden\" name=\"_wpcf7_locale\" value=\"es_ES\" \/>\n<input type=\"hidden\" name=\"_wpcf7_unit_tag\" value=\"wpcf7-f1213-o1\" \/>\n<input type=\"hidden\" name=\"_wpcf7_container_post\" value=\"0\" \/>\n<input type=\"hidden\" name=\"_wpcf7_posted_data_hash\" value=\"\" \/>\n<\/div>\n<p><label> Tu nombre (obligatorio)<br \/>\n<span class=\"wpcf7-form-control-wrap\" data-name=\"your-name\"><input size=\"40\" class=\"wpcf7-form-control wpcf7-text wpcf7-validates-as-required\" aria-required=\"true\" aria-invalid=\"false\" value=\"\" type=\"text\" name=\"your-name\" \/><\/span> <\/label>\n<\/p>\n<p><label> Tu correo electr\u00f3nico (obligatorio)<br \/>\n<span class=\"wpcf7-form-control-wrap\" data-name=\"your-email\"><input size=\"40\" class=\"wpcf7-form-control wpcf7-email wpcf7-validates-as-required wpcf7-text wpcf7-validates-as-email\" aria-required=\"true\" aria-invalid=\"false\" value=\"\" type=\"email\" name=\"your-email\" \/><\/span> <\/label>\n<\/p>\n<p><label> Asunto<br \/>\n<span class=\"wpcf7-form-control-wrap\" data-name=\"your-subject\"><input size=\"40\" class=\"wpcf7-form-control wpcf7-text\" aria-invalid=\"false\" value=\"\" type=\"text\" name=\"your-subject\" \/><\/span> <\/label>\n<\/p>\n<p><label> Tu mensaje<br \/>\n<span class=\"wpcf7-form-control-wrap\" data-name=\"your-message\"><textarea cols=\"40\" rows=\"10\" class=\"wpcf7-form-control wpcf7-textarea\" aria-invalid=\"false\" name=\"your-message\"><\/textarea><\/span> <\/label>\n<\/p>\n<p><span class=\"wpcf7-form-control-wrap\" data-name=\"checkbox-680\"><span class=\"wpcf7-form-control wpcf7-checkbox wpcf7-exclusive-checkbox\"><span class=\"wpcf7-list-item first last\"><input type=\"checkbox\" name=\"checkbox-680\" value=\"He le\u00eddo y estoy de acuerdo con la protecci\u00f3n de datos\" \/><span class=\"wpcf7-list-item-label\">He le\u00eddo y estoy de acuerdo con la protecci\u00f3n de datos<\/span><\/span><\/span><\/span>\n<\/p>\n<p><input class=\"wpcf7-form-control wpcf7-submit has-spinner\" type=\"submit\" value=\"Enviar\" \/>\n<\/p><div class=\"wpcf7-response-output\" aria-hidden=\"true\"><\/div>\n<\/form>\n<\/div>\n<\/span><\/p>\n<p style=\"text-align: center;\"><span style=\"color: #e7224d; font-size: 24pt;\"><strong>ASOCIACI\u00d3N CULTURAL ENTREsijos<\/strong><\/span><\/p>\n<p><strong>&nbsp;<\/strong><strong><u>1- INFORMACI\u00d3N AL USUARIO<\/u><\/strong><\/p>\n<p>AC.ENTREsijos es el Responsable del tratamiento de los datos personales del Usuario y le informa que estos datos ser\u00e1n tratados de conformidad con lo dispuesto en el Reglamento (UE) 2016\/679 de 27 de abril de 2016 (GDPR)&nbsp; relativo a la protecci\u00f3n de las personas f\u00edsicas en lo que respecta al tratamiento de datos personales y a la libre circulaci\u00f3n de estos datos<\/p>\n<p>AC.ENTREsijos en aplicaci\u00f3n de la normativa vigente en materia de protecci\u00f3n de datos de car\u00e1cter personal, informa que los datos personales que se recogen a trav\u00e9s de los formularios en papel o soporte inform\u00e1tico, se incluyen en los ficheros automatizados espec\u00edficos de usuarios de los servicios de AC.ENTREsijos.<\/p>\n<p>La recogida y tratamiento automatizado de los datos de car\u00e1cter personal tiene como finalidad el mantenimiento de la relaci\u00f3n asociativa y el desempe\u00f1o de tareas de informaci\u00f3n, formaci\u00f3n, asesoramiento y otras actividades propias de AC.ENTREsijos.<\/p>\n<p>El usuario manifiesta que todos los datos facilitados por \u00e9l son ciertos y correctos, y se compromete a mantenerlos actualizados, comunicando los cambios a AC.ENTREsijos.<\/p>\n<p>&nbsp;<\/p>\n<p><strong><u>Finalidad del tratamiento de los datos personales:<\/u><\/strong> mantener una relaci\u00f3n comercial con el Usuario.<\/p>\n<p>Las operaciones previstas para realizar el tratamiento son:<\/p>\n<p>- Ofrecer informaci\u00f3n sobre solicitudes, encargos o cualquier tipo de petici\u00f3n que sea realizada por el usuario a trav\u00e9s de cualquiera de las formas de contacto que se ponen a su disposici\u00f3n.<\/p>\n<p>- En caso de contrataci\u00f3n de los bienes y servicios ofertados para mantener la relaci\u00f3n contractual, as\u00ed como la gesti\u00f3n, administraci\u00f3n, informaci\u00f3n, prestaci\u00f3n y mejora del servicio.<\/p>\n<p>- Remitir boletines (newsletters), as\u00ed como comunicaciones comerciales de promociones y\/o publicidad de nuestra entidad y\/o del sector.<\/p>\n<p>- Remisi\u00f3n de comunicaciones comerciales publicitarias por email, fax, SMS, MMS, comunidades sociales o cualquier otro medio electr\u00f3nico o f\u00edsico, presente o futuro, que posibilite realizar comunicaciones comerciales. Estas comunicaciones ser\u00e1n realizadas por AC.ENTREsijos y relacionadas sobre sus productos y servicios, o de sus colaboradores o proveedores con los que \u00e9ste haya alcanzado alg\u00fan acuerdo de promoci\u00f3n. En este caso, los terceros nunca tendr\u00e1n acceso a los datos personales.<\/p>\n<p>- Realizar estudios estad\u00edsticos.<\/p>\n<p>&nbsp;<\/p>\n<p>\u200b<strong>Criterios de conservaci\u00f3n de los datos<\/strong>: se conservar\u00e1n mientras exista un inter\u00e9s mutuo para mantener el fin del tratamiento y cuando ya no sea necesario para tal fin, se suprimir\u00e1n con medidas de seguridad adecuadas para garantizar la seudonimizaci\u00f3n de los datos o la destrucci\u00f3n total de los mismos.<\/p>\n<p><strong>Cesi\u00f3n de los datos<\/strong>: No se comunicar\u00e1n los datos a terceros, salvo obligaci\u00f3n legal. Podr\u00e1 realizar cesiones o comunicaciones de datos personales para atender sus obligaciones con las Administraciones P\u00fablicas en los casos que as\u00ed se requiera de acuerdo con la legislaci\u00f3n vigente en cada momento y en su caso, igualmente a otros \u00f3rganos como Fuerzas y Cuerpos de seguridad del Estado y a los \u00f3rganos Judiciales.<\/p>\n<p>&nbsp;<\/p>\n<p><strong><u>2- Derechos de los usuarios<\/u><\/strong><\/p>\n<p>AC.ENTREsijos informa al Usuario sobre la posibilidad que le asiste de ejercitar los derechos de acceso, rectificaci\u00f3n, oposici\u00f3n, supresi\u00f3n, portabilidad y limitaci\u00f3n del tratamiento as\u00ed como a rechazar el tratamiento automatizado de los datos personales recogidos por AC.ENTREsijos.<\/p>\n<p>El usuario podr\u00e1 en cualquier momento ejercitar los derechos de acceso, oposici\u00f3n, rectificaci\u00f3n y cancelaci\u00f3n reconocidos en el citado Reglamento (UE). <strong>El ejercicio de estos derechos puede realizarlo el propio usuario a trav\u00e9s de email a: ac.entresijos@gmail.com o en la direcci\u00f3n: calle Marques de Lema n\u00ba9,5\u00baA (28003 - Madrid).<\/strong><\/p>\n<p>Dichos derechos podr\u00e1n ser ejercitados gratuitamente por el Usuario, y en su caso quien lo represente, mediante solicitud escrita y firmada dirigida a la asociaci\u00f3n por los medios anteriormente citados, acompa\u00f1ada de fotocopia de DNI \u00f3 pasaporte.<\/p>\n<p>Adem\u00e1s de los anteriores derechos, el Usuario tendr\u00e1 derecho a retirar el consentimiento otorgado en cualquier momento mediante el procedimiento m\u00e1s arriba descrito, sin que dicha retirada del consentimiento afecte a la licitud del tratamiento anterior a la retirada del mismo.<\/p>\n<p>AC.ENTREsijos recuerda al Usuario que tiene derecho a presentar una reclamaci\u00f3n ante la autoridad de control pertinente.<\/p>\n<p>&nbsp;<\/p>\n<p><strong><u>3- Medidas de seguridad implementadas<\/u><\/strong><\/p>\n<p>AC.ENTREsijos se compromete al cumplimiento de su obligaci\u00f3n de secreto de los datos de car\u00e1cter personal y de su deber de guardarlos, y adoptar\u00e1 las medidas necesarias para evitar su alteraci\u00f3n, p\u00e9rdida, tratamiento o acceso no autorizado, de acuerdo con lo establecido por normativa aplicable.<\/p>\n<p>AC.ENTREsijos tiene implantadas las medidas de seguridad de \u00edndole t\u00e9cnica y organizativas necesarias para garantizar la seguridad de sus datos de car\u00e1cter personal y evitar su alteraci\u00f3n, p\u00e9rdida y tratamiento y\/o acceso no autorizado, habida cuenta del estado de la tecnolog\u00eda, la naturaleza de los datos almacenados y los riesgos a que est\u00e1n expuestos, ya provengan de la acci\u00f3n humana o del medio f\u00edsico o natural, de acuerdo a lo establecido por la normativa aplicable.<\/p>\n<p>&nbsp;<\/p>\n<p>&nbsp;<strong><u>4- Legitimaci\u00f3n:<\/u><\/strong><\/p>\n<p>El tratamiento de tus datos se realiza con las siguientes bases jur\u00eddicas que legitiman el mismo:<\/p>\n<ul style=\"list-style-type: disc;\">\n<li>La solicitud de informaci\u00f3n y\/o la contrataci\u00f3n de los servicios de ENTREsijos, cuyos t\u00e9rminos y condiciones se pondr\u00e1n a tu disposici\u00f3n en todo caso, de forma previa a una eventual contrataci\u00f3n.<\/li>\n<li>El consentimiento libre, espec\u00edfico, informado e inequ\u00edvoco, en tanto que te informamos poniendo a su disposici\u00f3n la presente pol\u00edtica de privacidad, que tras la lectura de la misma, en caso de estar conforme, puedes aceptar mediante una declaraci\u00f3n o una clara acci\u00f3n afirmativa.<\/li>\n<li>En caso de que no nos facilites tus datos o lo hagas de forma err\u00f3nea o incompleta, no podremos atender tu solicitud, resultando del todo imposible proporcionarte la informaci\u00f3n solicitada o llevar a cabo la contrataci\u00f3n de los servicios.<\/li>\n<\/ul>\n<p><strong><u>Web y cookies<\/u><\/strong><\/p>\n<p><a href=\"http:\/\/entresijos.org\/\">http:\/\/entresijos.org\/<\/a> es un dominio propiedad de la Asociaci\u00f3n Cultural ENTREsijos, con domicilio en C\/ Marques de Lema 9, 5\u00baA, 28003,Madrid, con CIF G-86199460 y correo electr\u00f3nico <a href=\"mailto:ac.entresijos@gmail.es\">ac.entresijos@gmail.es<\/a><\/p>\n<p>Para la reproducci\u00f3n total o parcial de los contenidos de esta Web es necesario citar su origen o solicitar autorizaci\u00f3n.<\/p>\n<p>Las fotograf\u00edas del portal son tratadas por el equipo de Comunicaci\u00f3n de la AC.ENTREsijos cuya finalidad es la custodia y conservaci\u00f3n de documentos fotogr\u00e1ficos y digitales, as\u00ed como la ilustraci\u00f3n de publicaciones propias y otras actuaciones de comunicaci\u00f3n. Puede ejercer los derechos de acceso, rectificaci\u00f3n, limitaci\u00f3n y supresi\u00f3n en <a href=\"mailto:ac.entresijos@gmail.es\">ac.entresijos@gmail.es<\/a><\/p>\n<p>La web de la AC.ENTREsijos utiliza cookies. Son archivos inform\u00e1ticos que proporcionan informaci\u00f3n para prestar mejores servicios y de mayor calidad a los usuarios:<\/p>\n<p>Cookie de Google Analytics que recoge informaci\u00f3n exclusivamente estad\u00edstica de uso y navegaci\u00f3n en la web para generar informes de actividad. Recopila informaci\u00f3n de forma an\u00f3nima sin identificar a usuarios individuales. La informaci\u00f3n que genera la cookie para elaborar la informaci\u00f3n estad\u00edstica es directamente transmitida y archivada por Google. Para garantizar el anonimato, Google convierte la informaci\u00f3n en an\u00f3nima truncando la direcci\u00f3n IP antes de almacenarla, de forma que Google Analytics no se usa para localizar o recabar informaci\u00f3n personal identificable de los visitantes del sitio (m\u00e1s informaci\u00f3n sobre el proceso de anonimizaci\u00f3n). Google solo podr\u00e1 enviar la informaci\u00f3n recabada por Google Analytics a terceros cuando est\u00e9 legalmente obligado a ello. Con arreglo a las condiciones de prestaci\u00f3n del servicio de Google Analytics, Google no asocia su direcci\u00f3n IP a ning\u00fan otro dato conservado por Google. Puede consultar la Pol\u00edtica de Privacidad de Google Analytics en este enlace. Si usted desea denegar el permiso para el tratamiento estad\u00edstico de los datos o la informaci\u00f3n con Google Analytics, por favor, haga <a href=\"https:\/\/tools.google.com\/dlpage\/gaoptout\">clic aqu\u00ed<\/a>.<\/p>\n<p>Tambi\u00e9n puede desactivar el uso de cookies en cualquier momento mediante la modificaci\u00f3n de la configuraci\u00f3n de su navegador:<\/p>\n<p>Para la configuraci\u00f3n de cookies de <a href=\"https:\/\/support.microsoft.com\/es-es\/help\/17442\/windows-internet-explorer-delete-manage-cookies\">Internet Explorer<\/a>.<\/p>\n<p>Para la configuraci\u00f3n de cookies de <a href=\"https:\/\/support.mozilla.org\/es\/kb\/habilitar-y-deshabilitar-cookies-sitios-web-rastrear-preferencias?redirectlocale=es&amp;redirectslug=habilitar-y-deshabilitar-cookies-que-los-sitios-we\">Firefox<\/a>.<\/p>\n<p>Para la configuraci\u00f3n de cookies de <a href=\"https:\/\/support.google.com\/chrome\/answer\/95647?hl=es\">Google Chrome<\/a>.<\/p>\n<p>Para la configuraci\u00f3n de cookies de <a href=\"https:\/\/support.apple.com\/es-es\/HT201265\">Safari en terminales m\u00f3viles<\/a>.<\/p>\n<!-- \/wp:paragraph --><\/div><\/div><\/div><\/div><\/div><\/div><\/div><\/div>\n","protected":false},"excerpt":{"rendered":"<p>SUSCRIBETE A NUESTRA NEWSLETTER ASOCIACI\u00d3N CULTURAL ENTREsijos &nbsp;1- INFORMACI\u00d3N AL USUARIO AC.ENTREsijos es el Responsable del tratamiento de los datos personales del Usuario y le informa que estos datos ser\u00e1n tratados de conformidad con lo dispuesto en el Reglamento (UE) 2016\/679 de 27 de abril de 2016 (GDPR)&nbsp; relativo a la protecci\u00f3n de las personas [&hellip;]<\/p>\n","protected":false},"author":1,"featured_media":0,"parent":0,"menu_order":0,"comment_status":"closed","ping_status":"closed","template":"","meta":{"footnotes":""},"class_list":["post-1313","page","type-page","status-publish","hentry"],"aioseo_notices":[],"_links":{"self":[{"href":"https:\/\/entresijos.org\/index.php?rest_route=\/wp\/v2\/pages\/1313","targetHints":{"allow":["GET"]}}],"collection":[{"href":"https:\/\/entresijos.org\/index.php?rest_route=\/wp\/v2\/pages"}],"about":[{"href":"https:\/\/entresijos.org\/index.php?rest_route=\/wp\/v2\/types\/page"}],"author":[{"embeddable":true,"href":"https:\/\/entresijos.org\/index.php?rest_route=\/wp\/v2\/users\/1"}],"replies":[{"embeddable":true,"href":"https:\/\/entresijos.org\/index.php?rest_route=%2Fwp%2Fv2%2Fcomments&post=1313"}],"version-history":[{"count":6,"href":"https:\/\/entresijos.org\/index.php?rest_route=\/wp\/v2\/pages\/1313\/revisions"}],"predecessor-version":[{"id":1729,"href":"https:\/\/entresijos.org\/index.php?rest_route=\/wp\/v2\/pages\/1313\/revisions\/1729"}],"wp:attachment":[{"href":"https:\/\/entresijos.org\/index.php?rest_route=%2Fwp%2Fv2%2Fmedia&parent=1313"}],"curies":[{"name":"wp","href":"https:\/\/api.w.org\/{rel}","templated":true}]}}