{"id":10,"date":"2013-12-13T12:44:08","date_gmt":"2013-12-13T12:44:08","guid":{"rendered":"http:\/\/entresijos.org\/?page_id=10"},"modified":"2023-08-17T18:04:04","modified_gmt":"2023-08-17T18:04:04","slug":"quienes-somos","status":"publish","type":"page","link":"https:\/\/entresijos.org\/?page_id=10","title":{"rendered":"QUI\u00c9NES SOMOS"},"content":{"rendered":"<div class=\"vce-row-container\" data-vce-boxed-width=\"true\"><div class=\"vce-row vce-row--col-gap-30 vce-row-equal-height vce-row-content--top\" id=\"el-723acde9\" data-vce-do-apply=\"all el-723acde9\"><div class=\"vce-row-content\" data-vce-element-content=\"true\"><div class=\"vce-col vce-col--md-auto vce-col--xs-1 vce-col--xs-last vce-col--xs-first vce-col--sm-last vce-col--sm-first vce-col--md-last vce-col--lg-last vce-col--xl-last vce-col--md-first vce-col--lg-first vce-col--xl-first\" id=\"el-ecf7dc04\"><div class=\"vce-col-inner\" data-vce-do-apply=\"border margin background  el-ecf7dc04\"><div class=\"vce-col-content\" data-vce-element-content=\"true\" data-vce-do-apply=\"padding el-ecf7dc04\"><div class=\"vce-text-block\"><div class=\"vce-text-block-wrapper vce\" id=\"el-a2a9f64b\" data-vce-do-apply=\"all el-a2a9f64b\"><p><span class=\"info\">ENTREsijos es una asociaci\u00f3n cultural que tiene como principal objetivo promover nuevos tejidos sociales en los que arte y cultura jueguen el papel de mediadores. Desde una perspectiva m\u00e1s amplia de la vida y los valores culturales, <\/span><span class=\"info\">ENTREsijos pretende aunar en sus proyectos los fines did\u00e1cticos y de cooperaci\u00f3n para que la gesti\u00f3n cultural y el mundo del arte no se reduzcan a una \u00e9lite intelectual. Se hace necesaria la labor de mediadores que tiendan lazos para la optimizaci\u00f3n de los recursos de la industria cultural, del patrimonio y la ciudad, en beneficio de sus habitantes y de la promoci\u00f3n del esp\u00edritu cr\u00edtico y est\u00e9tico. A partir de un conocimiento profundo de las caracter\u00edsticas multiculturales de la ciudad contempor\u00e1nea, de sus pros y sus contras, as\u00ed como de su potencial, ENTREsijos nace con la voluntad de colaborar con los centros, asociaciones y espacios ya existentes, para desarrollar nuevos modelos de gesti\u00f3n y conocimiento que beneficien tanto al emisor como al receptor del discursos cultural. La asociaci\u00f3n est\u00e1 formada por profesionales del \u00e1mbito de la cultural dispuestos a poner su trabajo y su formaci\u00f3n al servicio de dichos objetivos, esto es, hacer de Madrid una ciudad m\u00e1s habitable y culturalmente m\u00e1s rica y diversa.<\/span><\/p>\n<p><span class=\"nombre\">Esther Perruca<\/span><\/p>\n<p><span class=\"info\">Licenciada en historia del Arte por la UAM y m\u00e1ster en Gesti\u00f3n del Patrimonio Cultural por la UCM. Ha coordinado el \u00e1rea de formaci\u00f3n cultura e idiomas para centros culturales del Ayto de Madrid, y los proyectos de Mediaci\u00f3n Cultural de instituciones como Centro Centro del Ayto de Madrid y la Casa museo Lope de Vega. Desde hace a\u00f1os imparte cursos de Mediaci\u00f3n Cultural para la Escuela de Animaci\u00f3n de la Comunidad de Madrid y la plataforma Iberoamericana de formaci\u00f3n Plataforma\/C, as\u00ed como en el m\u00e1ster de Gesti\u00f3n Cultural de la Universidad Carlos III de Madrid. Para el SEPE Canario imparti\u00f3 cursos sobre gesti\u00f3n cultural y planificaci\u00f3n de proyectos. <\/span><\/p>\n<p><span class=\"nombre\">Raquel Collazos<\/span><\/p>\n<p><span class=\"info\">Lda. en Historia y Teor\u00eda del Arte por la Univ. Aut\u00f3noma de Madrid. Beca de Gesti\u00f3n Cultural (MAEC-AECID) en Colombia. Cuenta con experiencia como gestora cultural en la Fundaci\u00f3n de la Residencias de Estudiantes, ha colaborado con el Ministerio de Cultura de Colombia en el Sal\u00f3n Nacional de Artistas del Caribe Colombiano y actualmente trabaja en Fundaci\u00f3n Mapfre. Posee experiencia en mediaci\u00f3n cultural y como docente<\/span><\/p>\n<p><span class=\"nombre\">Prado Cort\u00e9s<\/span><\/p>\n<p><span class=\"info\">Licenciada en Historia de Arte por la Universidad Complutense de Madrid. Ha trabajado como docente para grupos de adultos en diversos centros culturales de la Comunidad de Madrid. Asimismo, ha participado en proyectos educativos relacionados con el arte, la cultura y el patrimonio en centros escolares de dicha Comunidad. Desde 2005 realiza visitas mediadas en museos e instituciones culturales para todo tipo de p\u00fablicos. En 2018 colabor\u00f3 con el Festival de Videoarte Proyector en la gesti\u00f3n de talleres y visitas comentadas<\/span><\/p>\n<p><span class=\"nombre\">Ana Morales<\/span><\/p>\n<p><span class=\"info\">Graduada en Historia del Arte por la UCM. T\u00e9cnica Superior en Informaci\u00f3n y Comercializaci\u00e7on Tur\u00edstica por la Escuela Superior de Turismo de la Comunidad de Madrid. Ha realizado diversas funciones en gesti\u00f3n cultural y tur\u00edstica en centros de arte y tour operadores respectivamente. Colaboraci\u00f3n con la galer\u00eda de arte Theredoom.<\/span><\/p>\n<p><span class=\"nombre\">Cristina Pazos<\/span><\/p>\n<p><span class=\"info\">Licenciada en Historia por&nbsp; (UAH), profesora de historia e historia del arte por el Master de formaci\u00f3n de profesorado de secundaria y bachillerato por la UNED.<br>Mediadora cultural y educadora art\u00edstica en museos y colegios de la comunidad de Madrid tanto&nbsp; para primaria a trav\u00e9s de visitas dinamizadas a museos, como MNCARS, Museo del Prado, MAN, y secundaria en recorridos literarios dentro del programa \u201cMadrid un libro abierto\u201d. Coordinaci\u00f3n, programaci\u00f3n y realizaci\u00f3n de visitas culturales para adultos en centros culturales de Madrid y como profesora colaboradora en la UCM en el curso de especializaci\u00f3n \u201cCultura y pensamiento de los pueblos negros\u201d. Ha colaborado en diferentes proyectos culturales y educativos como el proyecto Centro Cultural Aminata, en la zona del Sahel, Gandiol (Senegal).&nbsp;<\/span><\/p>\n<\/div><\/div><\/div><\/div><\/div><\/div><\/div><\/div>","protected":false},"excerpt":{"rendered":"<p>ENTREsijos es una asociaci\u00f3n cultural que tiene como principal objetivo promover nuevos tejidos sociales en los que arte y cultura jueguen el papel de mediadores. Desde una perspectiva m\u00e1s amplia de la vida y los valores culturales, ENTREsijos pretende aunar en sus proyectos los fines did\u00e1cticos y de cooperaci\u00f3n para que la gesti\u00f3n cultural y [&hellip;]<\/p>\n","protected":false},"author":1,"featured_media":0,"parent":0,"menu_order":0,"comment_status":"closed","ping_status":"closed","template":"","meta":{"footnotes":""},"class_list":["post-10","page","type-page","status-publish","hentry"],"aioseo_notices":[],"_links":{"self":[{"href":"https:\/\/entresijos.org\/index.php?rest_route=\/wp\/v2\/pages\/10","targetHints":{"allow":["GET"]}}],"collection":[{"href":"https:\/\/entresijos.org\/index.php?rest_route=\/wp\/v2\/pages"}],"about":[{"href":"https:\/\/entresijos.org\/index.php?rest_route=\/wp\/v2\/types\/page"}],"author":[{"embeddable":true,"href":"https:\/\/entresijos.org\/index.php?rest_route=\/wp\/v2\/users\/1"}],"replies":[{"embeddable":true,"href":"https:\/\/entresijos.org\/index.php?rest_route=%2Fwp%2Fv2%2Fcomments&post=10"}],"version-history":[{"count":30,"href":"https:\/\/entresijos.org\/index.php?rest_route=\/wp\/v2\/pages\/10\/revisions"}],"predecessor-version":[{"id":1731,"href":"https:\/\/entresijos.org\/index.php?rest_route=\/wp\/v2\/pages\/10\/revisions\/1731"}],"wp:attachment":[{"href":"https:\/\/entresijos.org\/index.php?rest_route=%2Fwp%2Fv2%2Fmedia&parent=10"}],"curies":[{"name":"wp","href":"https:\/\/api.w.org\/{rel}","templated":true}]}}